{"id":39,"date":"2016-01-07T16:49:37","date_gmt":"2016-01-07T15:49:37","guid":{"rendered":"http:\/\/kita-randerath.de\/wp\/?page_id=39"},"modified":"2022-02-05T23:58:15","modified_gmt":"2022-02-05T22:58:15","slug":"startseite","status":"publish","type":"page","link":"https:\/\/kita-randerath.de\/wp\/","title":{"rendered":"Startseite"},"content":{"rendered":"<div id=\"myCarousel\" class=\"carousel slide\" data-ride=\"carousel\">\n<div class=\"carousel-inner\">\n<div class=\"item active\">\n<p><img loading=\"lazy\" decoding=\"async\" class=\"alignnone wp-image-663 size-full\" src=\"https:\/\/kita-randerath.de\/wp\/wp-content\/uploads\/2019\/11\/header_banner_01.jpg\" alt=\"\" width=\"1300\" height=\"436\" srcset=\"https:\/\/kita-randerath.de\/wp\/wp-content\/uploads\/2019\/11\/header_banner_01.jpg 1300w, https:\/\/kita-randerath.de\/wp\/wp-content\/uploads\/2019\/11\/header_banner_01-300x101.jpg 300w, https:\/\/kita-randerath.de\/wp\/wp-content\/uploads\/2019\/11\/header_banner_01-1024x343.jpg 1024w, https:\/\/kita-randerath.de\/wp\/wp-content\/uploads\/2019\/11\/header_banner_01-768x258.jpg 768w\" sizes=\"auto, (max-width: 1300px) 100vw, 1300px\" \/><\/p>\n<div class=\"carousel-caption hidden-sm hidden-xs container\">\n<p><span class=\"light\">Herzlich Willkommen<br \/>\nauf der Homepage der<\/span><br \/>\n<span class=\"bold\">kath. Kindertageseinrichtung<br \/>\nSt. Lambertus Randerath<\/span><\/p>\n<\/div>\n<\/div>\n<div class=\"item\">\n<p><img decoding=\"async\" src=\"\/wp\/wp-content\/uploads\/2016\/01\/slide2.jpg\" alt=\"\" \/><\/p>\n<div class=\"carousel-caption container\">\n<p><span class=\"light\">Schritt f\u00fcr Schritt<\/span><br \/>\n<span class=\"bold\">f\u00fcrs Leben fit!<\/span><\/p>\n<\/div>\n<\/div>\n<div class=\"item\">\n<p><img decoding=\"async\" src=\"\/wp\/wp-content\/uploads\/2016\/01\/slide3.jpg\" alt=\"\" \/><\/p>\n<div class=\"carousel-caption container\">\n<p><span class=\"light\">Hier kann ich sein<\/span><br \/>\n<span class=\"bold\">wie ich bin<\/span><\/p>\n<\/div>\n<\/div>\n<div class=\"item\">\n<p><img decoding=\"async\" src=\"\/wp\/wp-content\/uploads\/2016\/01\/slide4.jpg\" alt=\"\" \/><\/p>\n<div class=\"carousel-caption container\">\n<p><span class=\"light\">Hier f\u00fchle ich mich<\/span><br \/>\n<span class=\"bold\">geborgen<\/span><\/p>\n<\/div>\n<\/div>\n<\/div>\n<\/div>\n<div class=\"container hidden-md hidden-lg margin-lg-bottom\">\n<div class=\"row\">\n<div class=\"col-xs-12 col-sm-12 text-center\">Herzlich Willkommen auf der Homepage der <span class=\"bold\">kath. Kindertageseinrichtung St. Lambertus Randerath<\/span> <img decoding=\"async\" class=\"logo-intro\" src=\"\/wp\/wp-content\/themes\/kitatheme\/assets\/img\/logo\/logo-kita-rgb-PNG24.png\" alt=\"logo\" \/><\/div>\n<\/div>\n<\/div>\n<div class=\"container\">\n<div class=\"row\">\n<div class=\"col-lg-4 col-md-4 col-sm-12 col-xs-12 foto-bg pb\"><\/div>\n<div class=\"col-lg-8 col-md-8 col-sm-12 col-xs-12 topsection\">\n<div class=\"quotes\">&#8222;<\/div>\n<h2 class=\"topsection\">Sehr geehrte Eltern,<\/h2>\n<p>wir sind eine famili\u00e4re Kindertageseinrichtung mit freundlicher Atmosph\u00e4re. In unserer zweigruppigen Einrichtung stehen uns 40 Pl\u00e4tze f\u00fcr Kinder zwischen 2 und 6 Jahren zur Verf\u00fcgung. Unsere j\u00fcngsten Kinder werden gemeinsam in einer \u201eNestgruppe\u201c betreut. Wir bieten bedarfsgerechte \u00d6ffnungszeiten zwischen 07.00 Uhr und 16.00 Uhr.<\/p>\n<p>Wir laden Sie herzlich ein unsere Kindertageseinrichtung kennenzulernen.<\/p>\n<p><i>Mit freundlichen Gr\u00fc\u00dfen<\/i><\/p>\n<p><strong>Petra Bongartz<\/strong><br \/>\n<i>(Leiterin)<\/i><\/p>\n<\/div>\n<\/div>\n<\/div>\n<div class=\"container-fluid\"><\/div>\n<section>\n<div class=\"container\">\n<div class=\"row\">\n<div class=\"col-lg-offset-2 col-lg-8 col-push-2 text-center\">\n<h2>Wir \u00fcber uns<\/h2>\n<p class=\"subheadline\">Um uns n\u00e4her kennenzulernen klicken Sie auf einen der drei unten dargestellten Bl\u00f6cke oder besuchen Sie unsere <a href=\"\/wp\/ueber-uns\/\">\u00dcber Uns-Seite<\/a><\/p>\n<\/div>\n<\/div>\n<div id=\"cta-index\" class=\"row margin-lg-top\">\n<div class=\"col-lg-4 col-md-4 col-sm-12 col-xs-12\">\n<div class=\"cta-bild\"><img decoding=\"async\" src=\"\/wp\/wp-content\/uploads\/2019\/11\/IMG_1756.jpg\" alt=\"Bewegungskita mit dem Pluspunkt Ern\u00e4hrung\" \/><\/div>\n<h3>Bewegungskita mit dem Pluspunkt Ern\u00e4hrung<\/h3>\n<p>Im Jahr 2017 zertifizierten wir uns zur \u201eAnerkannten Bewegungskita mit dem Pluspunkt Ern\u00e4hrung\u201c.<br \/>\n<a class=\"btn btn-primary cta\" href=\"\/vielfalt#ernaehrung\">MEHR ERFAHREN<\/a><\/p>\n<\/div>\n<div class=\"col-lg-4 col-md-4 col-sm-12 col-xs-12\">\n<div class=\"cta-bild\"><img decoding=\"async\" src=\"\/wp\/wp-content\/uploads\/2016\/01\/hdkf.jpg\" alt=\"\" \/><\/div>\n<h3>Haus der kleinen Forscher<\/h3>\n<p>Im Jahr 2014 zertifizierten wir uns zum &#8222;Haus der kleinen Forscher&#8220;.<br \/>\n<a class=\"btn btn-primary cta\" href=\"\/vielfalt#hdkf\">MEHR ERFAHREN<\/a><\/p>\n<\/div>\n<div class=\"col-lg-4 col-md-4 col-sm-12 col-xs-12\">\n<div class=\"cta-bild\"><img decoding=\"async\" src=\"\/wp\/wp-content\/uploads\/2016\/01\/stifte.jpg\" alt=\"\" \/><\/div>\n<h3>Termine<\/h3>\n<p>Hier erfahren Sie die allgemeinen Termine, Termine der Tigerenten und die Schlie\u00dfungszeiten.<br \/>\n<a class=\"btn btn-primary cta\" href=\"\/termine\/\">MEHR ERFAHREN<\/a><\/p>\n<\/div>\n<\/div>\n<\/div>\n<\/section>\n<section id=\"testimonial\">\n<div class=\"container section\">\n<div class=\"row\">\n<div class=\"col-lg-offset-2 col-lg-8 col-push-2 text-center\">\n<h2>Testimonials<\/h2>\n<p class=\"subheadline\">Was Eltern \u00fcber unsere Kita sagen<\/p>\n<\/div>\n<\/div>\n<\/div>\n<\/section>\n","protected":false},"excerpt":{"rendered":"<p>Herzlich Willkommen auf der Homepage der kath. Kindertageseinrichtung St. Lambertus Randerath Schritt f\u00fcr Schritt f\u00fcrs Leben fit! Hier kann ich sein wie ich bin Hier f\u00fchle ich mich geborgen Herzlich Willkommen auf der Homepage der kath. Kindertageseinrichtung St. Lambertus Randerath &#8222; Sehr geehrte Eltern, wir sind eine famili\u00e4re Kindertageseinrichtung mit freundlicher Atmosph\u00e4re. In unserer zweigruppigen [&hellip;]<\/p>\n","protected":false},"author":2,"featured_media":0,"parent":0,"menu_order":0,"comment_status":"closed","ping_status":"closed","template":"","meta":{"footnotes":""},"class_list":["post-39","page","type-page","status-publish","hentry"],"_links":{"self":[{"href":"https:\/\/kita-randerath.de\/wp\/wp-json\/wp\/v2\/pages\/39","targetHints":{"allow":["GET"]}}],"collection":[{"href":"https:\/\/kita-randerath.de\/wp\/wp-json\/wp\/v2\/pages"}],"about":[{"href":"https:\/\/kita-randerath.de\/wp\/wp-json\/wp\/v2\/types\/page"}],"author":[{"embeddable":true,"href":"https:\/\/kita-randerath.de\/wp\/wp-json\/wp\/v2\/users\/2"}],"replies":[{"embeddable":true,"href":"https:\/\/kita-randerath.de\/wp\/wp-json\/wp\/v2\/comments?post=39"}],"version-history":[{"count":70,"href":"https:\/\/kita-randerath.de\/wp\/wp-json\/wp\/v2\/pages\/39\/revisions"}],"predecessor-version":[{"id":734,"href":"https:\/\/kita-randerath.de\/wp\/wp-json\/wp\/v2\/pages\/39\/revisions\/734"}],"wp:attachment":[{"href":"https:\/\/kita-randerath.de\/wp\/wp-json\/wp\/v2\/media?parent=39"}],"curies":[{"name":"wp","href":"https:\/\/api.w.org\/{rel}","templated":true}]}}